{"id":905,"date":"2020-01-01T19:48:44","date_gmt":"2020-01-01T18:48:44","guid":{"rendered":"http:\/\/www.ninkenkai.ch\/?page_id=905"},"modified":"2020-09-09T10:55:03","modified_gmt":"2020-09-09T09:55:03","slug":"autres-evenements-2019","status":"publish","type":"page","link":"https:\/\/www.ninkenkai.ch\/?page_id=905","title":{"rendered":"Autres \u00e9v\u00e9nements 2019"},"content":{"rendered":"<h3>Conf\u00e9rence sur l&rsquo;histoire et la forge du sabre japonais (22 novembre 2019)<\/h3>\n<div id='gallery-1' class='gallery galleryid-905 gallery-columns-3 gallery-size-thumbnail'><figure class='gallery-item'>\n\t\t\t<div class='gallery-icon landscape'>\n\t\t\t\t<a href='https:\/\/www.ninkenkai.ch\/?attachment_id=906'><img loading=\"lazy\" decoding=\"async\" width=\"150\" height=\"150\" src=\"https:\/\/www.ninkenkai.ch\/wp-content\/uploads\/2020\/01\/WEBConf\u00e9rence_2019_01-150x150.jpg\" class=\"attachment-thumbnail size-thumbnail\" alt=\"\" aria-describedby=\"gallery-1-906\" srcset=\"https:\/\/www.ninkenkai.ch\/wp-content\/uploads\/2020\/01\/WEBConf\u00e9rence_2019_01-150x150.jpg 150w, https:\/\/www.ninkenkai.ch\/wp-content\/uploads\/2020\/01\/WEBConf\u00e9rence_2019_01-300x300.jpg 300w, https:\/\/www.ninkenkai.ch\/wp-content\/uploads\/2020\/01\/WEBConf\u00e9rence_2019_01.jpg 1024w\" sizes=\"auto, (max-width: 150px) 100vw, 150px\" \/><\/a>\n\t\t\t<\/div>\n\t\t\t\t<figcaption class='wp-caption-text gallery-caption' id='gallery-1-906'>\n\t\t\t\tConf\u00e9rence Nihon-T\u00f4 \/ novembre 2019\n\t\t\t\t<\/figcaption><\/figure><figure class='gallery-item'>\n\t\t\t<div class='gallery-icon landscape'>\n\t\t\t\t<a href='https:\/\/www.ninkenkai.ch\/?attachment_id=907'><img loading=\"lazy\" decoding=\"async\" width=\"150\" height=\"150\" src=\"https:\/\/www.ninkenkai.ch\/wp-content\/uploads\/2020\/01\/WEBConf\u00e9rence_2019_02-150x150.jpg\" class=\"attachment-thumbnail size-thumbnail\" alt=\"\" aria-describedby=\"gallery-1-907\" \/><\/a>\n\t\t\t<\/div>\n\t\t\t\t<figcaption class='wp-caption-text gallery-caption' id='gallery-1-907'>\n\t\t\t\tConf\u00e9rence Nihon-T\u00f4 \/ novembre 2019\n\t\t\t\t<\/figcaption><\/figure><figure class='gallery-item'>\n\t\t\t<div class='gallery-icon landscape'>\n\t\t\t\t<a href='https:\/\/www.ninkenkai.ch\/?attachment_id=908'><img loading=\"lazy\" decoding=\"async\" width=\"150\" height=\"150\" src=\"https:\/\/www.ninkenkai.ch\/wp-content\/uploads\/2020\/01\/WEBConf\u00e9rence_2019_03-150x150.jpg\" class=\"attachment-thumbnail size-thumbnail\" alt=\"\" aria-describedby=\"gallery-1-908\" \/><\/a>\n\t\t\t<\/div>\n\t\t\t\t<figcaption class='wp-caption-text gallery-caption' id='gallery-1-908'>\n\t\t\t\tConf\u00e9rence Nihon-T\u00f4 \/ novembre 2019\n\t\t\t\t<\/figcaption><\/figure><figure class='gallery-item'>\n\t\t\t<div class='gallery-icon landscape'>\n\t\t\t\t<a href='https:\/\/www.ninkenkai.ch\/?attachment_id=909'><img loading=\"lazy\" decoding=\"async\" width=\"150\" height=\"150\" src=\"https:\/\/www.ninkenkai.ch\/wp-content\/uploads\/2020\/01\/WEBConf\u00e9rence_2019_04-150x150.jpg\" class=\"attachment-thumbnail size-thumbnail\" alt=\"\" aria-describedby=\"gallery-1-909\" \/><\/a>\n\t\t\t<\/div>\n\t\t\t\t<figcaption class='wp-caption-text gallery-caption' id='gallery-1-909'>\n\t\t\t\tConf\u00e9rence Nihon-T\u00f4 \/ novembre 2019\n\t\t\t\t<\/figcaption><\/figure><figure class='gallery-item'>\n\t\t\t<div class='gallery-icon landscape'>\n\t\t\t\t<a href='https:\/\/www.ninkenkai.ch\/?attachment_id=910'><img loading=\"lazy\" decoding=\"async\" width=\"150\" height=\"150\" src=\"https:\/\/www.ninkenkai.ch\/wp-content\/uploads\/2020\/01\/WEBConf\u00e9rence_2019_05-150x150.jpg\" class=\"attachment-thumbnail size-thumbnail\" alt=\"\" aria-describedby=\"gallery-1-910\" \/><\/a>\n\t\t\t<\/div>\n\t\t\t\t<figcaption class='wp-caption-text gallery-caption' id='gallery-1-910'>\n\t\t\t\tConf\u00e9rence Nihon-T\u00f4 \/ novembre 2019\n\t\t\t\t<\/figcaption><\/figure><figure class='gallery-item'>\n\t\t\t<div class='gallery-icon landscape'>\n\t\t\t\t<a href='https:\/\/www.ninkenkai.ch\/?attachment_id=911'><img loading=\"lazy\" decoding=\"async\" width=\"150\" height=\"150\" src=\"https:\/\/www.ninkenkai.ch\/wp-content\/uploads\/2020\/01\/WEBConf\u00e9rence_2019_06-150x150.jpg\" class=\"attachment-thumbnail size-thumbnail\" alt=\"\" aria-describedby=\"gallery-1-911\" \/><\/a>\n\t\t\t<\/div>\n\t\t\t\t<figcaption class='wp-caption-text gallery-caption' id='gallery-1-911'>\n\t\t\t\tConf\u00e9rence Nihon-T\u00f4 \/ novembre 2019\n\t\t\t\t<\/figcaption><\/figure>\n\t\t<\/div>\n\n<h3>Ap\u00e9ritif de fin d&rsquo;ann\u00e9e, apr\u00e8s le cours du 16 d\u00e9cembre 2019<\/h3>\n<div id='gallery-2' class='gallery galleryid-905 gallery-columns-3 gallery-size-thumbnail'><figure class='gallery-item'>\n\t\t\t<div class='gallery-icon landscape'>\n\t\t\t\t<a href='https:\/\/www.ninkenkai.ch\/?attachment_id=915'><img loading=\"lazy\" decoding=\"async\" width=\"150\" height=\"150\" src=\"https:\/\/www.ninkenkai.ch\/wp-content\/uploads\/2020\/01\/WEBNoel2020_04-150x150.jpg\" class=\"attachment-thumbnail size-thumbnail\" alt=\"\" aria-describedby=\"gallery-2-915\" srcset=\"https:\/\/www.ninkenkai.ch\/wp-content\/uploads\/2020\/01\/WEBNoel2020_04-150x150.jpg 150w, https:\/\/www.ninkenkai.ch\/wp-content\/uploads\/2020\/01\/WEBNoel2020_04-300x300.jpg 300w, https:\/\/www.ninkenkai.ch\/wp-content\/uploads\/2020\/01\/WEBNoel2020_04.jpg 1024w\" sizes=\"auto, (max-width: 150px) 100vw, 150px\" \/><\/a>\n\t\t\t<\/div>\n\t\t\t\t<figcaption class='wp-caption-text gallery-caption' id='gallery-2-915'>\n\t\t\t\tP&rsquo;tit No\u00ebl 2019\n\t\t\t\t<\/figcaption><\/figure><figure class='gallery-item'>\n\t\t\t<div class='gallery-icon landscape'>\n\t\t\t\t<a href='https:\/\/www.ninkenkai.ch\/?attachment_id=919'><img loading=\"lazy\" decoding=\"async\" width=\"150\" height=\"150\" src=\"https:\/\/www.ninkenkai.ch\/wp-content\/uploads\/2020\/01\/WEBNoel2020_08-150x150.jpg\" class=\"attachment-thumbnail size-thumbnail\" alt=\"\" aria-describedby=\"gallery-2-919\" \/><\/a>\n\t\t\t<\/div>\n\t\t\t\t<figcaption class='wp-caption-text gallery-caption' id='gallery-2-919'>\n\t\t\t\tP&rsquo;tit No\u00ebl 2019\n\t\t\t\t<\/figcaption><\/figure><figure class='gallery-item'>\n\t\t\t<div class='gallery-icon landscape'>\n\t\t\t\t<a href='https:\/\/www.ninkenkai.ch\/?attachment_id=918'><img loading=\"lazy\" decoding=\"async\" width=\"150\" height=\"150\" src=\"https:\/\/www.ninkenkai.ch\/wp-content\/uploads\/2020\/01\/WEBNoel2020_07-150x150.jpg\" class=\"attachment-thumbnail size-thumbnail\" alt=\"\" aria-describedby=\"gallery-2-918\" srcset=\"https:\/\/www.ninkenkai.ch\/wp-content\/uploads\/2020\/01\/WEBNoel2020_07-150x150.jpg 150w, https:\/\/www.ninkenkai.ch\/wp-content\/uploads\/2020\/01\/WEBNoel2020_07-300x300.jpg 300w, https:\/\/www.ninkenkai.ch\/wp-content\/uploads\/2020\/01\/WEBNoel2020_07.jpg 1024w\" sizes=\"auto, (max-width: 150px) 100vw, 150px\" \/><\/a>\n\t\t\t<\/div>\n\t\t\t\t<figcaption class='wp-caption-text gallery-caption' id='gallery-2-918'>\n\t\t\t\tP&rsquo;tit No\u00ebl 2019\n\t\t\t\t<\/figcaption><\/figure><figure class='gallery-item'>\n\t\t\t<div class='gallery-icon landscape'>\n\t\t\t\t<a href='https:\/\/www.ninkenkai.ch\/?attachment_id=917'><img loading=\"lazy\" decoding=\"async\" width=\"150\" height=\"150\" src=\"https:\/\/www.ninkenkai.ch\/wp-content\/uploads\/2020\/01\/WEBNoel2020_06-150x150.jpg\" class=\"attachment-thumbnail size-thumbnail\" alt=\"\" aria-describedby=\"gallery-2-917\" srcset=\"https:\/\/www.ninkenkai.ch\/wp-content\/uploads\/2020\/01\/WEBNoel2020_06-150x150.jpg 150w, https:\/\/www.ninkenkai.ch\/wp-content\/uploads\/2020\/01\/WEBNoel2020_06-300x300.jpg 300w, https:\/\/www.ninkenkai.ch\/wp-content\/uploads\/2020\/01\/WEBNoel2020_06.jpg 1024w\" sizes=\"auto, (max-width: 150px) 100vw, 150px\" \/><\/a>\n\t\t\t<\/div>\n\t\t\t\t<figcaption class='wp-caption-text gallery-caption' id='gallery-2-917'>\n\t\t\t\tP&rsquo;tit No\u00ebl 2019\n\t\t\t\t<\/figcaption><\/figure><figure class='gallery-item'>\n\t\t\t<div class='gallery-icon landscape'>\n\t\t\t\t<a href='https:\/\/www.ninkenkai.ch\/?attachment_id=916'><img loading=\"lazy\" decoding=\"async\" width=\"150\" height=\"150\" src=\"https:\/\/www.ninkenkai.ch\/wp-content\/uploads\/2020\/01\/WEBNoel2020_05-150x150.jpg\" class=\"attachment-thumbnail size-thumbnail\" alt=\"\" aria-describedby=\"gallery-2-916\" srcset=\"https:\/\/www.ninkenkai.ch\/wp-content\/uploads\/2020\/01\/WEBNoel2020_05-150x150.jpg 150w, https:\/\/www.ninkenkai.ch\/wp-content\/uploads\/2020\/01\/WEBNoel2020_05-300x300.jpg 300w, https:\/\/www.ninkenkai.ch\/wp-content\/uploads\/2020\/01\/WEBNoel2020_05.jpg 1024w\" sizes=\"auto, (max-width: 150px) 100vw, 150px\" \/><\/a>\n\t\t\t<\/div>\n\t\t\t\t<figcaption class='wp-caption-text gallery-caption' id='gallery-2-916'>\n\t\t\t\tP&rsquo;tit No\u00ebl 2019\n\t\t\t\t<\/figcaption><\/figure><figure class='gallery-item'>\n\t\t\t<div class='gallery-icon landscape'>\n\t\t\t\t<a href='https:\/\/www.ninkenkai.ch\/?attachment_id=914'><img loading=\"lazy\" decoding=\"async\" width=\"150\" height=\"150\" src=\"https:\/\/www.ninkenkai.ch\/wp-content\/uploads\/2020\/01\/WEBNoel2020_03-150x150.jpg\" class=\"attachment-thumbnail size-thumbnail\" alt=\"\" aria-describedby=\"gallery-2-914\" srcset=\"https:\/\/www.ninkenkai.ch\/wp-content\/uploads\/2020\/01\/WEBNoel2020_03-150x150.jpg 150w, https:\/\/www.ninkenkai.ch\/wp-content\/uploads\/2020\/01\/WEBNoel2020_03-300x300.jpg 300w, https:\/\/www.ninkenkai.ch\/wp-content\/uploads\/2020\/01\/WEBNoel2020_03.jpg 1024w\" sizes=\"auto, (max-width: 150px) 100vw, 150px\" \/><\/a>\n\t\t\t<\/div>\n\t\t\t\t<figcaption class='wp-caption-text gallery-caption' id='gallery-2-914'>\n\t\t\t\tP&rsquo;tit No\u00ebl 2019\n\t\t\t\t<\/figcaption><\/figure><figure class='gallery-item'>\n\t\t\t<div class='gallery-icon landscape'>\n\t\t\t\t<a href='https:\/\/www.ninkenkai.ch\/?attachment_id=913'><img loading=\"lazy\" decoding=\"async\" width=\"150\" height=\"150\" src=\"https:\/\/www.ninkenkai.ch\/wp-content\/uploads\/2020\/01\/WEBNoel2020_02-150x150.jpg\" class=\"attachment-thumbnail size-thumbnail\" alt=\"\" aria-describedby=\"gallery-2-913\" srcset=\"https:\/\/www.ninkenkai.ch\/wp-content\/uploads\/2020\/01\/WEBNoel2020_02-150x150.jpg 150w, https:\/\/www.ninkenkai.ch\/wp-content\/uploads\/2020\/01\/WEBNoel2020_02-300x300.jpg 300w, https:\/\/www.ninkenkai.ch\/wp-content\/uploads\/2020\/01\/WEBNoel2020_02.jpg 1024w\" sizes=\"auto, (max-width: 150px) 100vw, 150px\" \/><\/a>\n\t\t\t<\/div>\n\t\t\t\t<figcaption class='wp-caption-text gallery-caption' id='gallery-2-913'>\n\t\t\t\tP&rsquo;tit No\u00ebl 2019\n\t\t\t\t<\/figcaption><\/figure><figure class='gallery-item'>\n\t\t\t<div class='gallery-icon landscape'>\n\t\t\t\t<a href='https:\/\/www.ninkenkai.ch\/?attachment_id=912'><img loading=\"lazy\" decoding=\"async\" width=\"150\" height=\"150\" src=\"https:\/\/www.ninkenkai.ch\/wp-content\/uploads\/2020\/01\/WEBNoel2020_01-150x150.jpg\" class=\"attachment-thumbnail size-thumbnail\" alt=\"\" aria-describedby=\"gallery-2-912\" srcset=\"https:\/\/www.ninkenkai.ch\/wp-content\/uploads\/2020\/01\/WEBNoel2020_01-150x150.jpg 150w, https:\/\/www.ninkenkai.ch\/wp-content\/uploads\/2020\/01\/WEBNoel2020_01-300x300.jpg 300w, https:\/\/www.ninkenkai.ch\/wp-content\/uploads\/2020\/01\/WEBNoel2020_01.jpg 1024w\" sizes=\"auto, (max-width: 150px) 100vw, 150px\" \/><\/a>\n\t\t\t<\/div>\n\t\t\t\t<figcaption class='wp-caption-text gallery-caption' id='gallery-2-912'>\n\t\t\t\tP&rsquo;tit No\u00ebl 2019\n\t\t\t\t<\/figcaption><\/figure>\n\t\t<\/div>\n\n","protected":false},"excerpt":{"rendered":"<p>Conf\u00e9rence sur l&rsquo;histoire et la forge du sabre japonais (22 novembre 2019) Ap\u00e9ritif de fin d&rsquo;ann\u00e9e, apr\u00e8s le cours du 16 d\u00e9cembre 2019<\/p>\n","protected":false},"author":1,"featured_media":0,"parent":117,"menu_order":0,"comment_status":"closed","ping_status":"open","template":"","meta":{"footnotes":""},"class_list":["post-905","page","type-page","status-publish","hentry"],"_links":{"self":[{"href":"https:\/\/www.ninkenkai.ch\/index.php?rest_route=\/wp\/v2\/pages\/905","targetHints":{"allow":["GET"]}}],"collection":[{"href":"https:\/\/www.ninkenkai.ch\/index.php?rest_route=\/wp\/v2\/pages"}],"about":[{"href":"https:\/\/www.ninkenkai.ch\/index.php?rest_route=\/wp\/v2\/types\/page"}],"author":[{"embeddable":true,"href":"https:\/\/www.ninkenkai.ch\/index.php?rest_route=\/wp\/v2\/users\/1"}],"replies":[{"embeddable":true,"href":"https:\/\/www.ninkenkai.ch\/index.php?rest_route=%2Fwp%2Fv2%2Fcomments&post=905"}],"version-history":[{"count":3,"href":"https:\/\/www.ninkenkai.ch\/index.php?rest_route=\/wp\/v2\/pages\/905\/revisions"}],"predecessor-version":[{"id":1001,"href":"https:\/\/www.ninkenkai.ch\/index.php?rest_route=\/wp\/v2\/pages\/905\/revisions\/1001"}],"up":[{"embeddable":true,"href":"https:\/\/www.ninkenkai.ch\/index.php?rest_route=\/wp\/v2\/pages\/117"}],"wp:attachment":[{"href":"https:\/\/www.ninkenkai.ch\/index.php?rest_route=%2Fwp%2Fv2%2Fmedia&parent=905"}],"curies":[{"name":"wp","href":"https:\/\/api.w.org\/{rel}","templated":true}]}}