{"id":47,"date":"2014-08-02T16:57:20","date_gmt":"2014-08-02T15:57:20","guid":{"rendered":"http:\/\/www.ninkenkai.ch\/?page_id=47"},"modified":"2025-06-06T11:21:29","modified_gmt":"2025-06-06T10:21:29","slug":"horaire-des-cours","status":"publish","type":"page","link":"https:\/\/www.ninkenkai.ch\/?page_id=47","title":{"rendered":"Prochains cours"},"content":{"rendered":"<p>Le cours a lieu <strong>le lundi<\/strong> (sauf vacances et jours f\u00e9ri\u00e9s) au <strong>Coll\u00e8ge de Montchoisi<\/strong>. Il d\u00e9bute <strong>\u00e0 20 h. pr\u00e9cises<\/strong>. Il dure \u00a01 heure 3\/4.<br \/>\nL&rsquo;\u00e9chauffement pr\u00e9alable s&rsquo;effectue de mani\u00e8re individuelle.<\/p>\n<h2><strong>Adresse du dojo: voir la page <a title=\"Le Dojo\" href=\"https:\/\/www.ninkenkai.ch\/?page_id=84\">Le dojo<\/a><\/strong><\/h2>\n<p><iframe loading=\"lazy\" style=\"border-width: 0;\" src=\"https:\/\/www.google.com\/calendar\/embed?showTitle=0&amp;showTabs=0&amp;showCalendars=0&amp;showTz=0&amp;height=300&amp;wkst=2&amp;bgcolor=%23FFFFFF&amp;src=70976g79cop9epe6iii0515q00%40group.calendar.google.com&amp;color=%230D7813&amp;ctz=Europe%2FZurich\" width=\"1100\" height=\"300\" frameborder=\"0\" scrolling=\"no\"><\/iframe><\/p>\n<h4><span style=\"color: #ff0000;\">ATTENTION : pendant l&rsquo;\u00e9t\u00e9 : lieux provisoires des cours<\/span><\/h4>\n<p><strong>Salle communale de Paudex<\/strong>, Rte de la Bordinette 5bis, 1094 Paudex (<a href=\"https:\/\/maps.app.goo.gl\/qHhPQmn4gLjZDWch6\" target=\"_blank\" rel=\"noopener\">https:\/\/maps.app.goo.gl\/qHhPQmn4gLjZDWch6<\/a>)<br \/>\nOn y acc\u00e8de par le bus N\u00b0 9 (arr\u00eat Paudex-village), ou par le N\u00b0 21 (Paudex-Verri\u00e8re) + 2 minutes de marche. Sinon on peut parquer sa voiture sur le terrain de basket voisin du b\u00e2timent.<\/p>\n<p><strong>Salle du Coll\u00e8ge de Chamblandes le JEUDI<\/strong>,\u00a0Av. C.-F. Ramuz 65, \u00e0 Pully. <a href=\"https:\/\/www.ninkenkai.ch\/wp-content\/uploads\/2014\/08\/Plan-salle-Chamblandes.pdf\" target=\"_blank\" rel=\"noopener\">Voir le plan d&rsquo;acc\u00e8s<\/a>.<br \/>\nParcage dans la cour de l&rsquo;\u00e9cole, entr\u00e9e par le Ch. de Carvalho.<\/p>\n<p><iframe loading=\"lazy\" style=\"border: 0;\" src=\"https:\/\/www.google.com\/maps\/embed?pb=!1m18!1m12!1m3!1d2745.9669227300133!2d6.640967996314276!3d46.50876512582703!2m3!1f0!2f0!3f0!3m2!1i1024!2i768!4f13.1!3m3!1m2!1s0x478c2fb103a2a4d3%3A0x518a4c62c60784e6!2sAv.+C.-F.-Ramuz+65%2C+1009+Pully!5e0!3m2!1sfr!2sch!4v1467217729045\" width=\"600\" height=\"450\" frameborder=\"0\" allowfullscreen=\"allowfullscreen\"><\/iframe><\/p>\n","protected":false},"excerpt":{"rendered":"<p>Le cours a lieu le lundi (sauf vacances et jours f\u00e9ri\u00e9s) au Coll\u00e8ge de Montchoisi. Il d\u00e9bute \u00e0 20 h. pr\u00e9cises. Il dure \u00a01 heure 3\/4. L&rsquo;\u00e9chauffement pr\u00e9alable s&rsquo;effectue de mani\u00e8re individuelle. Adresse du dojo: voir la page Le dojo ATTENTION : pendant l&rsquo;\u00e9t\u00e9 : lieux provisoires des cours Salle communale de Paudex, Rte de &hellip; <a href=\"https:\/\/www.ninkenkai.ch\/?page_id=47\" class=\"more-link\">Continuer la lecture de <span class=\"screen-reader-text\">Prochains cours<\/span>  <span class=\"meta-nav\">&rarr;<\/span><\/a><\/p>\n","protected":false},"author":1,"featured_media":0,"parent":340,"menu_order":1,"comment_status":"closed","ping_status":"closed","template":"","meta":{"footnotes":""},"class_list":["post-47","page","type-page","status-publish","hentry"],"_links":{"self":[{"href":"https:\/\/www.ninkenkai.ch\/index.php?rest_route=\/wp\/v2\/pages\/47","targetHints":{"allow":["GET"]}}],"collection":[{"href":"https:\/\/www.ninkenkai.ch\/index.php?rest_route=\/wp\/v2\/pages"}],"about":[{"href":"https:\/\/www.ninkenkai.ch\/index.php?rest_route=\/wp\/v2\/types\/page"}],"author":[{"embeddable":true,"href":"https:\/\/www.ninkenkai.ch\/index.php?rest_route=\/wp\/v2\/users\/1"}],"replies":[{"embeddable":true,"href":"https:\/\/www.ninkenkai.ch\/index.php?rest_route=%2Fwp%2Fv2%2Fcomments&post=47"}],"version-history":[{"count":44,"href":"https:\/\/www.ninkenkai.ch\/index.php?rest_route=\/wp\/v2\/pages\/47\/revisions"}],"predecessor-version":[{"id":1393,"href":"https:\/\/www.ninkenkai.ch\/index.php?rest_route=\/wp\/v2\/pages\/47\/revisions\/1393"}],"up":[{"embeddable":true,"href":"https:\/\/www.ninkenkai.ch\/index.php?rest_route=\/wp\/v2\/pages\/340"}],"wp:attachment":[{"href":"https:\/\/www.ninkenkai.ch\/index.php?rest_route=%2Fwp%2Fv2%2Fmedia&parent=47"}],"curies":[{"name":"wp","href":"https:\/\/api.w.org\/{rel}","templated":true}]}}