{"id":404,"date":"2014-08-25T11:31:05","date_gmt":"2014-08-25T10:31:05","guid":{"rendered":"http:\/\/www.ninkenkai.ch\/?page_id=404"},"modified":"2026-01-18T20:57:00","modified_gmt":"2026-01-18T19:57:00","slug":"prochains-stages","status":"publish","type":"page","link":"https:\/\/www.ninkenkai.ch\/?page_id=404","title":{"rendered":"Prochains stages"},"content":{"rendered":"<h3><strong>Jean-Marc Spothelfer \u00e0 Lyon<\/strong><\/h3>\n<p>15 et 16 mars 2026<br \/>\n<a href=\"https:\/\/www.ninkenkai.ch\/wp-content\/uploads\/2026\/01\/03_affiche-SPOT_Lyon2026.pdf\">Affiche PDF<\/a><\/p>\n<h3>Stage de Vevey (Michel DUCRET)<\/h3>\n<p>Samedi 6 juin 2026<br \/>\nInformations \u00e0 venir<\/p>\n<h3>Stage de Belmont (J.-M. Spothelfer)<\/h3>\n<p>15-16 ao\u00fbt 2026<br \/>\nInformations \u00e0 venir<\/p>\n<h3><span style=\"font-size: 26px; font-weight: bold;\">Stage international de Gen\u00e8ve<\/span><\/h3>\n<p style=\"margin-top: 0px; line-height: 1.38462;\"><strong>fin 2026 (date \u00e0 pr\u00e9ciser)<br \/>\n<\/strong>Informations et inscription<\/p>\n","protected":false},"excerpt":{"rendered":"<p>Jean-Marc Spothelfer \u00e0 Lyon 15 et 16 mars 2026 Affiche PDF Stage de Vevey (Michel DUCRET) Samedi 6 juin 2026 Informations \u00e0 venir Stage de Belmont (J.-M. Spothelfer) 15-16 ao\u00fbt 2026 Informations \u00e0 venir Stage international de Gen\u00e8ve fin 2026 (date \u00e0 pr\u00e9ciser) Informations et inscription<\/p>\n","protected":false},"author":1,"featured_media":0,"parent":340,"menu_order":0,"comment_status":"closed","ping_status":"open","template":"","meta":{"footnotes":""},"class_list":["post-404","page","type-page","status-publish","hentry"],"_links":{"self":[{"href":"https:\/\/www.ninkenkai.ch\/index.php?rest_route=\/wp\/v2\/pages\/404","targetHints":{"allow":["GET"]}}],"collection":[{"href":"https:\/\/www.ninkenkai.ch\/index.php?rest_route=\/wp\/v2\/pages"}],"about":[{"href":"https:\/\/www.ninkenkai.ch\/index.php?rest_route=\/wp\/v2\/types\/page"}],"author":[{"embeddable":true,"href":"https:\/\/www.ninkenkai.ch\/index.php?rest_route=\/wp\/v2\/users\/1"}],"replies":[{"embeddable":true,"href":"https:\/\/www.ninkenkai.ch\/index.php?rest_route=%2Fwp%2Fv2%2Fcomments&post=404"}],"version-history":[{"count":94,"href":"https:\/\/www.ninkenkai.ch\/index.php?rest_route=\/wp\/v2\/pages\/404\/revisions"}],"predecessor-version":[{"id":1515,"href":"https:\/\/www.ninkenkai.ch\/index.php?rest_route=\/wp\/v2\/pages\/404\/revisions\/1515"}],"up":[{"embeddable":true,"href":"https:\/\/www.ninkenkai.ch\/index.php?rest_route=\/wp\/v2\/pages\/340"}],"wp:attachment":[{"href":"https:\/\/www.ninkenkai.ch\/index.php?rest_route=%2Fwp%2Fv2%2Fmedia&parent=404"}],"curies":[{"name":"wp","href":"https:\/\/api.w.org\/{rel}","templated":true}]}}