{"id":152,"date":"2014-08-02T22:38:34","date_gmt":"2014-08-02T21:38:34","guid":{"rendered":"http:\/\/www.ninkenkai.ch\/?page_id=152"},"modified":"2026-01-16T20:00:13","modified_gmt":"2026-01-16T19:00:13","slug":"inscription","status":"publish","type":"page","link":"https:\/\/www.ninkenkai.ch\/?page_id=152","title":{"rendered":"Inscription"},"content":{"rendered":"<h2>D\u00e9butants :<\/h2>\n<p>On peut commencer \u00e0 pratiquer le sabre \u00e0 tout \u00e2ge, \u00e0<strong> partir de 15 ans r\u00e9volus<\/strong>, avec ou sans exp\u00e9rience d&rsquo;un autre budo. Les d\u00e9butants peuvent commencer <strong>durant trois p\u00e9riodes de l&rsquo;ann\u00e9e :<\/strong><\/p>\n<ul>\n<li><strong>janvier<\/strong><\/li>\n<li><strong>avril<\/strong> (apr\u00e8s P\u00e2ques)<\/li>\n<li><strong>septembre<\/strong><\/li>\n<\/ul>\n<p>Il est demand\u00e9 aux d\u00e9butants de pratiquer <strong>au moins 3 mois<\/strong> avant de d\u00e9cider s&rsquo;ils continuent ou non, car il est impossible de se faire une id\u00e9e du Ia\u00efd\u00f4 en un seul entra\u00eenement. <strong>Cette p\u00e9riode d&rsquo;essai est gratuite<\/strong>: s&rsquo;ils quittent le groupe apr\u00e8s ces 3 mois, aucune cotisation ne sera exig\u00e9e.<\/p>\n<h2>Tenue :<\/h2>\n<p>La tenue traditionnelle est la veste bleue (<em>keikogi<\/em>) et le pantalon large (<em>hakama<\/em>) bleu ou noir, ainsi que la ceinture de coton (blanche jusqu&rsquo;au 1er Dan). On pratique en principe pied nus.<br \/>\nDurant la p\u00e9riode d&rsquo;essai, on peut cependant pratiquer v\u00eatu d&rsquo;un judogi, d&rsquo;un karategi, ou d&rsquo;une autre tenue souple (training, pyjama long).<\/p>\n<h2>Mat\u00e9riel :<\/h2>\n<p><strong>Le ia\u00efd\u00f4<\/strong> se pratique avec une reproduction non aiguis\u00e9e\u00a0de katana, le <em>ia\u00eft\u00f4<\/em>. Seuls les pratiquants tr\u00e8s exp\u00e9riment\u00e9s travaillent avec un katana tranchant.<\/p>\n<p><strong>Le kenjutsu<\/strong> est pratiqu\u00e9 avec un <em>bokken<\/em> (reproduction de katana en bois), et parfois avec un <em>kodashi<\/em> (\u00e9quivalent en bois du sabre court, le <em>wakisashi<\/em>).<\/p>\n<p>Le club poss\u00e8de quelques armes destin\u00e9es \u00e0 \u00eatre pr\u00eat\u00e9es aux d\u00e9butants.<\/p>\n<h2>Tarifs :<\/h2>\n<p>Apr\u00e8s les trois premiers mois, chaque pratiquant est appel\u00e9 \u00e0 s&rsquo;inscrire et \u00e0 payer une cotisation pour devenir membre de l&rsquo;association:<\/p>\n<ul>\n<li>Adultes en emploi :<strong> Fr. 250.-\u00a0\/\u00a0an<\/strong>,<br \/>\nou\u00a0 130.-\u00a0\/\u00a0semestre<\/li>\n<li>Sans emploi, \u00e9tudiant, apprenti, AVS : <strong>Fr. 150.- \/ an<\/strong>,<br \/>\nou 85.- \/ semestre<\/li>\n<li>Membre passif (non pratiquant) : <strong>Fr. 50.- \u00a0\/ an<\/strong><\/li>\n<li>Pratiquant occasionnel (environ 1x par mois): <strong>Fr. 100.- \u00a0\/ an<\/strong><\/li>\n<\/ul>\n<p><span style=\"text-decoration: underline;\">Compte bancaire<\/span> :<br \/>\nAssociation Ninkenka\u00ef Dojo Lausanne<br \/>\np\/a Jean-Marc Spothelfer, ch. de Chamblandes 36, 1009 Pully<br \/>\nBanque cantonale vaudoise, 1002 Lausanne<br \/>\nIBAN CH04 00767 000U 5356 4106<\/p>\n<p>Apr\u00e8s un an de pratique, et en tout cas avant un\u00a0passage de grade, chaque pratiquant est\u00a0tenu de\u00a0prendre une <strong>licence de la F\u00e9d\u00e9ration europ\u00e9enne de Ia\u00ef (FEI).<\/strong><\/p>\n<p><strong>Demande d&rsquo;autres renseignements :<br \/>\nAller \u00e0 la page \u00ab\u00a0<a title=\"Contacts\" href=\"https:\/\/www.ninkenkai.ch\/?page_id=166\">Contact\u00a0\u00bb<\/a><\/strong><\/p>\n<p><span style=\"text-decoration: underline;\">Formulaire d&rsquo;inscription<\/span> : <a href=\"https:\/\/www.ninkenkai.ch\/wp-content\/uploads\/2025\/03\/Formulaire-inscription.pdf\" target=\"_blank\" rel=\"noopener\">PDF \u00e0 t\u00e9l\u00e9charger<\/a><\/p>\n","protected":false},"excerpt":{"rendered":"<p>D\u00e9butants : On peut commencer \u00e0 pratiquer le sabre \u00e0 tout \u00e2ge, \u00e0 partir de 15 ans r\u00e9volus, avec ou sans exp\u00e9rience d&rsquo;un autre budo. Les d\u00e9butants peuvent commencer durant trois p\u00e9riodes de l&rsquo;ann\u00e9e : janvier avril (apr\u00e8s P\u00e2ques) septembre Il est demand\u00e9 aux d\u00e9butants de pratiquer au moins 3 mois avant de d\u00e9cider s&rsquo;ils &hellip; <a href=\"https:\/\/www.ninkenkai.ch\/?page_id=152\" class=\"more-link\">Continuer la lecture de <span class=\"screen-reader-text\">Inscription<\/span>  <span class=\"meta-nav\">&rarr;<\/span><\/a><\/p>\n","protected":false},"author":1,"featured_media":0,"parent":2,"menu_order":0,"comment_status":"closed","ping_status":"open","template":"","meta":{"footnotes":""},"class_list":["post-152","page","type-page","status-publish","hentry"],"_links":{"self":[{"href":"https:\/\/www.ninkenkai.ch\/index.php?rest_route=\/wp\/v2\/pages\/152","targetHints":{"allow":["GET"]}}],"collection":[{"href":"https:\/\/www.ninkenkai.ch\/index.php?rest_route=\/wp\/v2\/pages"}],"about":[{"href":"https:\/\/www.ninkenkai.ch\/index.php?rest_route=\/wp\/v2\/types\/page"}],"author":[{"embeddable":true,"href":"https:\/\/www.ninkenkai.ch\/index.php?rest_route=\/wp\/v2\/users\/1"}],"replies":[{"embeddable":true,"href":"https:\/\/www.ninkenkai.ch\/index.php?rest_route=%2Fwp%2Fv2%2Fcomments&post=152"}],"version-history":[{"count":26,"href":"https:\/\/www.ninkenkai.ch\/index.php?rest_route=\/wp\/v2\/pages\/152\/revisions"}],"predecessor-version":[{"id":1513,"href":"https:\/\/www.ninkenkai.ch\/index.php?rest_route=\/wp\/v2\/pages\/152\/revisions\/1513"}],"up":[{"embeddable":true,"href":"https:\/\/www.ninkenkai.ch\/index.php?rest_route=\/wp\/v2\/pages\/2"}],"wp:attachment":[{"href":"https:\/\/www.ninkenkai.ch\/index.php?rest_route=%2Fwp%2Fv2%2Fmedia&parent=152"}],"curies":[{"name":"wp","href":"https:\/\/api.w.org\/{rel}","templated":true}]}}