{"id":109,"date":"2014-08-02T21:19:41","date_gmt":"2014-08-02T20:19:41","guid":{"rendered":"http:\/\/www.ninkenkai.ch\/?page_id=109"},"modified":"2024-04-19T17:09:49","modified_gmt":"2024-04-19T16:09:49","slug":"liens-2","status":"publish","type":"page","link":"https:\/\/www.ninkenkai.ch\/?page_id=109","title":{"rendered":"Liens"},"content":{"rendered":"<h2>F\u00e9d\u00e9ration :<\/h2>\n<p><strong>F\u00e9d\u00e9ration europ\u00e9enne de ia\u00ef\u00a0\u00a0\u00a0\u00a0 <\/strong><a href=\"http:\/\/www.fei-iai.ch\/\">www.fei-iai.ch<\/a><a href=\"http:\/\/www.fei-iai.ch\" target=\"_blank\" rel=\"noopener\"><img loading=\"lazy\" decoding=\"async\" class=\"alignright wp-image-15 \" src=\"https:\/\/www.ninkenkai.ch\/wp-content\/uploads\/2014\/08\/fei.gif\" alt=\"fei\" width=\"75\" height=\"57\" \/><\/a><\/p>\n<h2>Dojos FEI en Suisse romande :<\/h2>\n<p><a href=\"http:\/\/www.musokai.ch\" target=\"_blank\" rel=\"noopener\"><img loading=\"lazy\" decoding=\"async\" class=\"alignright wp-image-19 \" src=\"https:\/\/www.ninkenkai.ch\/wp-content\/uploads\/2014\/08\/musokai-150x150.gif\" alt=\"musokai\" width=\"60\" height=\"60\" \/><\/a>Vevey: <strong>Musokai\u00a0\u00a0\u00a0\u00a0\u00a0\u00a0\u00a0 <\/strong><a href=\"http:\/\/www.musokai.ch\/\">www.musokai.ch<\/a><\/p>\n<p>&nbsp;<\/p>\n<p>Gen\u00e8ve: <strong>Shung Do Kwan\u00a0\u00a0\u00a0\u00a0 <\/strong><a href=\"http:\/\/www.sdkbudo.ch\/\">www.sdkbudo.ch<\/a>\u00a0\u00a0\u00a0\u00a0<a href=\"http:\/\/www.sdkbudo.ch\" target=\"_blank\" rel=\"noopener\"><img loading=\"lazy\" decoding=\"async\" class=\"alignright wp-image-23 \" src=\"https:\/\/www.ninkenkai.ch\/wp-content\/uploads\/2014\/08\/sdk-2.gif\" alt=\"sdk-2\" width=\"47\" height=\"80\" \/><\/a><\/p>\n<p>&nbsp;<\/p>\n<p>Martigny: <strong>Dojo Tanren\u00a0\u00a0\u00a0\u00a0 <\/strong><a href=\"http:\/\/www.dojo-tanren.ch\/\">www.dojo-tanren.ch<img loading=\"lazy\" decoding=\"async\" class=\"alignright\" src=\"https:\/\/dojo-tanren.ch\/wp-content\/uploads\/2020\/09\/dojo-tanren-logo-contour-rouge.png\" alt=\"Dojo Tanren Valais\" width=\"71\" height=\"71\" \/><\/a><\/p>\n<p>&nbsp;<\/p>\n<p>Fribourg: <strong>Bushido Club\u00a0\u00a0\u00a0\u00a0 <\/strong><a href=\"http:\/\/www.bushidoclub.ch\/\">www.bushidoclub.ch<\/a>\u00a0\u00a0\u00a0<a href=\"http:\/\/www.bushidoclub.ch\" target=\"_blank\" rel=\"noopener\"><img loading=\"lazy\" decoding=\"async\" class=\"alignright wp-image-7\" src=\"https:\/\/www.ninkenkai.ch\/wp-content\/uploads\/2014\/08\/bushidoclub0.jpg\" alt=\"bushidoclub0\" width=\"80\" height=\"81\" \/><\/a><\/p>\n<p>&nbsp;<\/p>\n<p>Yverdon: <strong>Iaido Yverdon<\/strong>\u00a0 <a href=\"http:\/\/www.iaido-yverdon.ch\/\" target=\"_blank\" rel=\"noopener\">www.iaido-yverdon.ch<\/a>\u00a0 \u00a0 \u00a0 \u00a0<img loading=\"lazy\" decoding=\"async\" class=\"\" src=\"https:\/\/iaido-yverdon.ch\/wp-content\/uploads\/2023\/07\/cropped-LogoIai_original.png\" alt=\"IaidoYverdon\" width=\"124\" height=\"70\" \/><\/p>\n<p>Lausanne et Moudon: <strong>Shogaku Karate Lausanne<\/strong> <a href=\"https:\/\/www.ninkenkai.ch\/wp-content\/uploads\/2024\/04\/Shogaku_logo.jpg\"><img loading=\"lazy\" decoding=\"async\" class=\"alignright size-full wp-image-1302\" src=\"https:\/\/www.ninkenkai.ch\/wp-content\/uploads\/2024\/04\/Shogaku_logo.jpg\" alt=\"\" width=\"100\" height=\"100\" \/><\/a> <a href=\"https:\/\/shogaku.ch\/\" target=\"_blank\" rel=\"noopener\">https:\/\/shogaku.ch\/<\/a><\/p>\n<h2>\u00a0Autres liens<\/h2>\n<p><strong>Sabres japonais<\/strong> : le site de Daniel Brunner \u00a0<a href=\"http:\/\/www.lesabrejaponais.ch\/lsj\/accueil.html\" target=\"_blank\" rel=\"noopener\">http:\/\/www.lesabrejaponais.ch\/lsj\/accueil.html<\/a><\/p>\n","protected":false},"excerpt":{"rendered":"<p>F\u00e9d\u00e9ration : F\u00e9d\u00e9ration europ\u00e9enne de ia\u00ef\u00a0\u00a0\u00a0\u00a0 www.fei-iai.ch Dojos FEI en Suisse romande : Vevey: Musokai\u00a0\u00a0\u00a0\u00a0\u00a0\u00a0\u00a0 www.musokai.ch &nbsp; Gen\u00e8ve: Shung Do Kwan\u00a0\u00a0\u00a0\u00a0 www.sdkbudo.ch\u00a0\u00a0\u00a0\u00a0 &nbsp; Martigny: Dojo Tanren\u00a0\u00a0\u00a0\u00a0 www.dojo-tanren.ch &nbsp; Fribourg: Bushido Club\u00a0\u00a0\u00a0\u00a0 www.bushidoclub.ch\u00a0\u00a0\u00a0 &nbsp; Yverdon: Iaido Yverdon\u00a0 www.iaido-yverdon.ch\u00a0 \u00a0 \u00a0 \u00a0 Lausanne et Moudon: Shogaku Karate Lausanne https:\/\/shogaku.ch\/ \u00a0Autres liens Sabres japonais : le site de &hellip; <a href=\"https:\/\/www.ninkenkai.ch\/?page_id=109\" class=\"more-link\">Continuer la lecture de <span class=\"screen-reader-text\">Liens<\/span>  <span class=\"meta-nav\">&rarr;<\/span><\/a><\/p>\n","protected":false},"author":1,"featured_media":0,"parent":0,"menu_order":8,"comment_status":"closed","ping_status":"closed","template":"","meta":{"footnotes":""},"class_list":["post-109","page","type-page","status-publish","hentry"],"_links":{"self":[{"href":"https:\/\/www.ninkenkai.ch\/index.php?rest_route=\/wp\/v2\/pages\/109","targetHints":{"allow":["GET"]}}],"collection":[{"href":"https:\/\/www.ninkenkai.ch\/index.php?rest_route=\/wp\/v2\/pages"}],"about":[{"href":"https:\/\/www.ninkenkai.ch\/index.php?rest_route=\/wp\/v2\/types\/page"}],"author":[{"embeddable":true,"href":"https:\/\/www.ninkenkai.ch\/index.php?rest_route=\/wp\/v2\/users\/1"}],"replies":[{"embeddable":true,"href":"https:\/\/www.ninkenkai.ch\/index.php?rest_route=%2Fwp%2Fv2%2Fcomments&post=109"}],"version-history":[{"count":13,"href":"https:\/\/www.ninkenkai.ch\/index.php?rest_route=\/wp\/v2\/pages\/109\/revisions"}],"predecessor-version":[{"id":1303,"href":"https:\/\/www.ninkenkai.ch\/index.php?rest_route=\/wp\/v2\/pages\/109\/revisions\/1303"}],"wp:attachment":[{"href":"https:\/\/www.ninkenkai.ch\/index.php?rest_route=%2Fwp%2Fv2%2Fmedia&parent=109"}],"curies":[{"name":"wp","href":"https:\/\/api.w.org\/{rel}","templated":true}]}}